{"id":1948,"date":"2023-08-23T19:07:25","date_gmt":"2023-08-23T23:07:25","guid":{"rendered":"https:\/\/forumquebecjapon.org\/contact-us\/"},"modified":"2023-11-13T13:48:30","modified_gmt":"2023-11-13T18:48:30","slug":"contactez-nous","status":"publish","type":"page","link":"https:\/\/forumquebecjapon.org\/fr\/contactez-nous\/","title":{"rendered":"Contactez-nous"},"content":{"rendered":"\t\t<div data-elementor-type=\"wp-page\" data-elementor-id=\"1948\" class=\"elementor elementor-1948 elementor-167\" data-elementor-post-type=\"page\">\n\t\t\t\t<div class=\"elementor-element elementor-element-a3910a2 e-flex e-con-boxed e-con e-parent\" data-id=\"a3910a2\" data-element_type=\"container\">\n\t\t\t\t\t<div class=\"e-con-inner\">\n\t\t<div class=\"elementor-element elementor-element-3934fbe e-con-full e-flex e-con e-parent\" data-id=\"3934fbe\" data-element_type=\"container\">\n\t\t\t\t<div class=\"elementor-element elementor-element-2fb5ea1 elementor-widget elementor-widget-heading\" data-id=\"2fb5ea1\" data-element_type=\"widget\" data-widget_type=\"heading.default\">\n\t\t\t\t<div class=\"elementor-widget-container\">\n\t\t\t\t\t<h1 class=\"elementor-heading-title elementor-size-default\">Contactez-nous<\/h1>\t\t\t\t<\/div>\n\t\t\t\t<\/div>\n\t\t\t\t<div class=\"elementor-element elementor-element-badebb4 elementor-widget elementor-widget-text-editor\" data-id=\"badebb4\" data-element_type=\"widget\" data-widget_type=\"text-editor.default\">\n\t\t\t\t<div class=\"elementor-widget-container\">\n\t\t\t\t\t\t\t\t\t<p>Veuillez remplir le formulaire,&nbsp;<span style=\"text-align: var(--text-align);\">afin que nous puissions mieux r\u00e9pondre \u00e0 votre \/ vos question(s).&nbsp;<\/span><\/p>\t\t\t\t\t\t\t\t<\/div>\n\t\t\t\t<\/div>\n\t\t\t\t<div class=\"elementor-element elementor-element-dc16e62 elementor-shape-rounded elementor-grid-0 e-grid-align-center elementor-widget elementor-widget-global elementor-global-2970 elementor-widget-social-icons\" data-id=\"dc16e62\" data-element_type=\"widget\" data-widget_type=\"social-icons.default\">\n\t\t\t\t<div class=\"elementor-widget-container\">\n\t\t\t\t\t\t\t<div class=\"elementor-social-icons-wrapper elementor-grid\">\n\t\t\t\t\t\t\t<span class=\"elementor-grid-item\">\n\t\t\t\t\t<a class=\"elementor-icon elementor-social-icon elementor-social-icon-twitter elementor-repeater-item-ccf63bf\" href=\"https:\/\/twitter.com\/Forum_QC_JP\" target=\"_blank\">\n\t\t\t\t\t\t<span class=\"elementor-screen-only\">Twitter<\/span>\n\t\t\t\t\t\t<i class=\"fab fa-twitter\"><\/i>\t\t\t\t\t<\/a>\n\t\t\t\t<\/span>\n\t\t\t\t\t\t\t<span class=\"elementor-grid-item\">\n\t\t\t\t\t<a class=\"elementor-icon elementor-social-icon elementor-social-icon-linkedin elementor-repeater-item-5027cb3\" href=\"https:\/\/www.linkedin.com\/company\/forum-des-gens-d-affaires-qu%C3%A9bec-japon\/\" target=\"_blank\">\n\t\t\t\t\t\t<span class=\"elementor-screen-only\">Linkedin<\/span>\n\t\t\t\t\t\t<i class=\"fab fa-linkedin\"><\/i>\t\t\t\t\t<\/a>\n\t\t\t\t<\/span>\n\t\t\t\t\t\t\t<span class=\"elementor-grid-item\">\n\t\t\t\t\t<a class=\"elementor-icon elementor-social-icon elementor-social-icon-youtube elementor-repeater-item-49c7b52\" href=\"https:\/\/www.youtube.com\/@ForumdaffairesQuebecJapon\" target=\"_blank\">\n\t\t\t\t\t\t<span class=\"elementor-screen-only\">Youtube<\/span>\n\t\t\t\t\t\t<i class=\"fab fa-youtube\"><\/i>\t\t\t\t\t<\/a>\n\t\t\t\t<\/span>\n\t\t\t\t\t<\/div>\n\t\t\t\t\t\t<\/div>\n\t\t\t\t<\/div>\n\t\t\t\t<\/div>\n\t\t<div class=\"elementor-element elementor-element-35bd346 e-con-full e-flex e-con e-parent\" data-id=\"35bd346\" data-element_type=\"container\">\n\t\t\t\t<div class=\"elementor-element elementor-element-c40aa65 elementor-widget elementor-widget-shortcode\" data-id=\"c40aa65\" data-element_type=\"widget\" data-widget_type=\"shortcode.default\">\n\t\t\t\t<div class=\"elementor-widget-container\">\n\t\t\t\t\t\t\t<div class=\"elementor-shortcode\"><link rel='stylesheet' id='formidable-css' href='https:\/\/forumquebecjapon.org\/wp-content\/plugins\/formidable\/css\/formidableforms.css?ver=3121524' type='text\/css' media='all' \/>\n<div class=\"frm_forms  with_frm_style frm_style_formidable-style\" id=\"frm_form_4_container\" >\n<form enctype=\"multipart\/form-data\" method=\"post\" class=\"frm-show-form  frm_ajax_submit  frm_pro_form \" id=\"form_contact-form3\" >\n<div class=\"frm_form_fields \">\n<fieldset>\n<legend class=\"frm_screen_reader\">Contact Us - French<\/legend>\r\n\r\n<div class=\"frm_fields_container\">\n<input type=\"hidden\" name=\"frm_action\" value=\"create\" \/>\n<input type=\"hidden\" name=\"form_id\" value=\"4\" \/>\n<input type=\"hidden\" name=\"frm_hide_fields_4\" id=\"frm_hide_fields_4\" value=\"\" \/>\n<input type=\"hidden\" name=\"form_key\" value=\"contact-form3\" \/>\n<input type=\"hidden\" name=\"item_meta[0]\" value=\"\" \/>\n<input type=\"hidden\" id=\"frm_submit_entry_4\" name=\"frm_submit_entry_4\" value=\"2fda42968a\" \/><input type=\"hidden\" name=\"_wp_http_referer\" value=\"\/fr\/wp-json\/wp\/v2\/pages\/1948\" \/><div id=\"frm_field_11_container\" class=\"frm_form_field form-field  frm_required_field frm_top_container frm12\">\r\n    <label for=\"field_qh4icy3\" id=\"field_qh4icy3_label\" class=\"frm_primary_label\">Nom\r\n        <span class=\"frm_required\" aria-hidden=\"true\">*<\/span>\r\n    <\/label>\r\n    <input  type=\"text\" id=\"field_qh4icy3\" name=\"item_meta[11]\" value=\"\"  data-reqmsg=\"Ce champ ne peut \u00eatre vide.\" aria-required=\"true\" data-invmsg=\"Name is invalid\" aria-invalid=\"false\"   \/>\r\n    \r\n    \r\n<\/div>\n<div id=\"frm_field_12_container\" class=\"frm_form_field form-field  frm_required_field frm_top_container frm_full\">\r\n    <label for=\"field_29yf4d3\" id=\"field_29yf4d3_label\" class=\"frm_primary_label\">Courriel\r\n        <span class=\"frm_required\" aria-hidden=\"true\">*<\/span>\r\n    <\/label>\r\n    <input type=\"email\" id=\"field_29yf4d3\" name=\"item_meta[12]\" value=\"\"  data-reqmsg=\"Ce champ ne peut \u00eatre vide.\" aria-required=\"true\" data-invmsg=\"S&#039;il vous pla\u00eet, mettez une adresse courriel valide\" aria-invalid=\"false\"  \/>\r\n    \r\n    \r\n<\/div>\n<div id=\"frm_field_13_container\" class=\"frm_form_field form-field  frm_top_container frm_full\">\r\n    <label for=\"field_e6lis63\" id=\"field_e6lis63_label\" class=\"frm_primary_label\">Objet\r\n        <span class=\"frm_required\" aria-hidden=\"true\"><\/span>\r\n    <\/label>\r\n    <input  type=\"text\" id=\"field_e6lis63\" name=\"item_meta[13]\" value=\"\"  data-invmsg=\"Subject is invalid\" aria-invalid=\"false\"   \/>\r\n    \r\n    \r\n<\/div>\n<div id=\"frm_field_14_container\" class=\"frm_form_field form-field  frm_top_container frm_full\">\r\n    <label for=\"field_9jv0r13\" id=\"field_9jv0r13_label\" class=\"frm_primary_label\">Message\r\n        <span class=\"frm_required\" aria-hidden=\"true\"><\/span>\r\n    <\/label>\r\n    <textarea name=\"item_meta[14]\" id=\"field_9jv0r13\" rows=\"5\"  data-invmsg=\"Le message n&#039;est pas valide\" aria-invalid=\"false\"  ><\/textarea>\r\n    \r\n    \r\n<\/div>\n<div id=\"frm_field_28_container\" class=\"frm_form_field form-field  frm_none_container\">\r\n\t<label for=\"h-captcha-response\" id=\"field_m285z_label\" class=\"frm_primary_label\">Captcha\r\n\t\t<span class=\"frm_required\" aria-hidden=\"true\"><\/span>\r\n\t<\/label>\r\n\t<div  id=\"field_m285z\" class=\"cf-turnstile\" data-sitekey=\"0x4AAAAAABAdnktSB0rwXw9l\" data-size=\"normal\" data-theme=\"light\"><\/div>\r\n\t\r\n\t\r\n<\/div>\n<div id=\"frm_field_22_container\" class=\"frm_form_field form-field \">\r\n\t<div class=\"frm_submit\">\r\n\r\n<button class=\"frm_button_submit frm_final_submit\" type=\"submit\"   formnovalidate=\"formnovalidate\">Soumettre<\/button>\r\n\r\n\r\n<\/div>\r\n<\/div>\n\t<input type=\"hidden\" name=\"item_key\" value=\"\" \/>\n\t\t\t\t<div class=\"frm__67d14b7cac375\">\n\t\t\t\t<label for=\"frm_email_4\" >\n\t\t\t\t\tSi vous \u00eates un humain, ne remplissez pas ce champ.\t\t\t\t<\/label>\n\t\t\t\t<input  id=\"frm_email_4\" type=\"email\" class=\"frm_verify\" name=\"frm__67d14b7cac375\" value=\"\"  \/>\n\t\t\t<\/div>\n\t\t<input name=\"frm_state\" type=\"hidden\" value=\"6PP+bz4A2CBgX28AVUNbh1qKqggvoof1vbsHfOZI7dU=\" \/><\/div>\n<\/fieldset>\n<\/div>\n\n<\/form>\n<\/div>\n<\/div>\n\t\t\t\t\t\t<\/div>\n\t\t\t\t<\/div>\n\t\t\t\t<\/div>\n\t\t\t\t\t<\/div>\n\t\t\t\t<\/div>\n\t\t\t\t<\/div>\n\t\t","protected":false},"excerpt":{"rendered":"<p>Veuillez remplir le formulaire,&nbsp;afin que nous puissions mieux r\u00e9pondre \u00e0 votre \/ vos question(s).&nbsp; Facebook-f Twitter Linkedin<\/p>\n","protected":false},"author":1,"featured_media":0,"parent":0,"menu_order":0,"comment_status":"closed","ping_status":"closed","template":"","meta":{"_acf_changed":false,"footnotes":""},"class_list":["post-1948","page","type-page","status-publish","hentry"],"acf":[],"yoast_head":"<!-- This site is optimized with the Yoast SEO plugin v24.6 - https:\/\/yoast.com\/wordpress\/plugins\/seo\/ -->\n<title>Contactez-nous - Forum Qu\u00e9bec Japon<\/title>\n<meta name=\"robots\" content=\"index, follow, max-snippet:-1, max-image-preview:large, max-video-preview:-1\" \/>\n<link rel=\"canonical\" href=\"https:\/\/forumquebecjapon.org\/fr\/contactez-nous\/\" \/>\n<meta property=\"og:locale\" content=\"fr_FR\" \/>\n<meta property=\"og:type\" content=\"article\" \/>\n<meta property=\"og:title\" content=\"Contactez-nous - Forum Qu\u00e9bec Japon\" \/>\n<meta property=\"og:description\" content=\"Veuillez remplir le formulaire,&nbsp;afin que nous puissions mieux r\u00e9pondre \u00e0 votre \/ vos question(s).&nbsp; Facebook-f Twitter Linkedin\" \/>\n<meta property=\"og:url\" content=\"https:\/\/forumquebecjapon.org\/fr\/contactez-nous\/\" \/>\n<meta property=\"og:site_name\" content=\"Forum Qu\u00e9bec Japon\" \/>\n<meta property=\"article:modified_time\" content=\"2023-11-13T18:48:30+00:00\" \/>\n<meta name=\"twitter:card\" content=\"summary_large_image\" \/>\n<meta name=\"twitter:label1\" content=\"Dur\u00e9e de lecture estim\u00e9e\" \/>\n\t<meta name=\"twitter:data1\" content=\"1 minute\" \/>\n<script type=\"application\/ld+json\" class=\"yoast-schema-graph\">{\"@context\":\"https:\/\/schema.org\",\"@graph\":[{\"@type\":\"WebPage\",\"@id\":\"https:\/\/forumquebecjapon.org\/fr\/contactez-nous\/\",\"url\":\"https:\/\/forumquebecjapon.org\/fr\/contactez-nous\/\",\"name\":\"Contactez-nous - Forum Qu\u00e9bec Japon\",\"isPartOf\":{\"@id\":\"https:\/\/forumquebecjapon.org\/#website\"},\"datePublished\":\"2023-08-23T23:07:25+00:00\",\"dateModified\":\"2023-11-13T18:48:30+00:00\",\"breadcrumb\":{\"@id\":\"https:\/\/forumquebecjapon.org\/fr\/contactez-nous\/#breadcrumb\"},\"inLanguage\":\"fr-FR\",\"potentialAction\":[{\"@type\":\"ReadAction\",\"target\":[\"https:\/\/forumquebecjapon.org\/fr\/contactez-nous\/\"]}]},{\"@type\":\"BreadcrumbList\",\"@id\":\"https:\/\/forumquebecjapon.org\/fr\/contactez-nous\/#breadcrumb\",\"itemListElement\":[{\"@type\":\"ListItem\",\"position\":1,\"name\":\"Home\",\"item\":\"https:\/\/forumquebecjapon.org\/fr\/\"},{\"@type\":\"ListItem\",\"position\":2,\"name\":\"Contactez-nous\"}]},{\"@type\":\"WebSite\",\"@id\":\"https:\/\/forumquebecjapon.org\/#website\",\"url\":\"https:\/\/forumquebecjapon.org\/\",\"name\":\"Forum Qu\u00e9bec Japon\",\"description\":\"Forum des gens d&#039;affaires du Qu\u00e9bec-Japon \u2013 Depuis 1987\",\"publisher\":{\"@id\":\"https:\/\/forumquebecjapon.org\/#organization\"},\"potentialAction\":[{\"@type\":\"SearchAction\",\"target\":{\"@type\":\"EntryPoint\",\"urlTemplate\":\"https:\/\/forumquebecjapon.org\/?s={search_term_string}\"},\"query-input\":{\"@type\":\"PropertyValueSpecification\",\"valueRequired\":true,\"valueName\":\"search_term_string\"}}],\"inLanguage\":\"fr-FR\"},{\"@type\":\"Organization\",\"@id\":\"https:\/\/forumquebecjapon.org\/#organization\",\"name\":\"Forum Qu\u00e9bec Japon\",\"url\":\"https:\/\/forumquebecjapon.org\/\",\"logo\":{\"@type\":\"ImageObject\",\"inLanguage\":\"fr-FR\",\"@id\":\"https:\/\/forumquebecjapon.org\/#\/schema\/logo\/image\/\",\"url\":\"https:\/\/forumquebecjapon.org\/wp-content\/uploads\/2023\/08\/logo_color_transparent_full-1.png\",\"contentUrl\":\"https:\/\/forumquebecjapon.org\/wp-content\/uploads\/2023\/08\/logo_color_transparent_full-1.png\",\"width\":754,\"height\":227,\"caption\":\"Forum Qu\u00e9bec Japon\"},\"image\":{\"@id\":\"https:\/\/forumquebecjapon.org\/#\/schema\/logo\/image\/\"}}]}<\/script>\n<!-- \/ Yoast SEO plugin. -->","yoast_head_json":{"title":"Contactez-nous - Forum Qu\u00e9bec Japon","robots":{"index":"index","follow":"follow","max-snippet":"max-snippet:-1","max-image-preview":"max-image-preview:large","max-video-preview":"max-video-preview:-1"},"canonical":"https:\/\/forumquebecjapon.org\/fr\/contactez-nous\/","og_locale":"fr_FR","og_type":"article","og_title":"Contactez-nous - Forum Qu\u00e9bec Japon","og_description":"Veuillez remplir le formulaire,&nbsp;afin que nous puissions mieux r\u00e9pondre \u00e0 votre \/ vos question(s).&nbsp; Facebook-f Twitter Linkedin","og_url":"https:\/\/forumquebecjapon.org\/fr\/contactez-nous\/","og_site_name":"Forum Qu\u00e9bec Japon","article_modified_time":"2023-11-13T18:48:30+00:00","twitter_card":"summary_large_image","twitter_misc":{"Dur\u00e9e de lecture estim\u00e9e":"1 minute"},"schema":{"@context":"https:\/\/schema.org","@graph":[{"@type":"WebPage","@id":"https:\/\/forumquebecjapon.org\/fr\/contactez-nous\/","url":"https:\/\/forumquebecjapon.org\/fr\/contactez-nous\/","name":"Contactez-nous - Forum Qu\u00e9bec Japon","isPartOf":{"@id":"https:\/\/forumquebecjapon.org\/#website"},"datePublished":"2023-08-23T23:07:25+00:00","dateModified":"2023-11-13T18:48:30+00:00","breadcrumb":{"@id":"https:\/\/forumquebecjapon.org\/fr\/contactez-nous\/#breadcrumb"},"inLanguage":"fr-FR","potentialAction":[{"@type":"ReadAction","target":["https:\/\/forumquebecjapon.org\/fr\/contactez-nous\/"]}]},{"@type":"BreadcrumbList","@id":"https:\/\/forumquebecjapon.org\/fr\/contactez-nous\/#breadcrumb","itemListElement":[{"@type":"ListItem","position":1,"name":"Home","item":"https:\/\/forumquebecjapon.org\/fr\/"},{"@type":"ListItem","position":2,"name":"Contactez-nous"}]},{"@type":"WebSite","@id":"https:\/\/forumquebecjapon.org\/#website","url":"https:\/\/forumquebecjapon.org\/","name":"Forum Qu\u00e9bec Japon","description":"Forum des gens d&#039;affaires du Qu\u00e9bec-Japon \u2013 Depuis 1987","publisher":{"@id":"https:\/\/forumquebecjapon.org\/#organization"},"potentialAction":[{"@type":"SearchAction","target":{"@type":"EntryPoint","urlTemplate":"https:\/\/forumquebecjapon.org\/?s={search_term_string}"},"query-input":{"@type":"PropertyValueSpecification","valueRequired":true,"valueName":"search_term_string"}}],"inLanguage":"fr-FR"},{"@type":"Organization","@id":"https:\/\/forumquebecjapon.org\/#organization","name":"Forum Qu\u00e9bec Japon","url":"https:\/\/forumquebecjapon.org\/","logo":{"@type":"ImageObject","inLanguage":"fr-FR","@id":"https:\/\/forumquebecjapon.org\/#\/schema\/logo\/image\/","url":"https:\/\/forumquebecjapon.org\/wp-content\/uploads\/2023\/08\/logo_color_transparent_full-1.png","contentUrl":"https:\/\/forumquebecjapon.org\/wp-content\/uploads\/2023\/08\/logo_color_transparent_full-1.png","width":754,"height":227,"caption":"Forum Qu\u00e9bec Japon"},"image":{"@id":"https:\/\/forumquebecjapon.org\/#\/schema\/logo\/image\/"}}]}},"_links":{"self":[{"href":"https:\/\/forumquebecjapon.org\/fr\/wp-json\/wp\/v2\/pages\/1948","targetHints":{"allow":["GET"]}}],"collection":[{"href":"https:\/\/forumquebecjapon.org\/fr\/wp-json\/wp\/v2\/pages"}],"about":[{"href":"https:\/\/forumquebecjapon.org\/fr\/wp-json\/wp\/v2\/types\/page"}],"author":[{"embeddable":true,"href":"https:\/\/forumquebecjapon.org\/fr\/wp-json\/wp\/v2\/users\/1"}],"replies":[{"embeddable":true,"href":"https:\/\/forumquebecjapon.org\/fr\/wp-json\/wp\/v2\/comments?post=1948"}],"version-history":[{"count":30,"href":"https:\/\/forumquebecjapon.org\/fr\/wp-json\/wp\/v2\/pages\/1948\/revisions"}],"predecessor-version":[{"id":3317,"href":"https:\/\/forumquebecjapon.org\/fr\/wp-json\/wp\/v2\/pages\/1948\/revisions\/3317"}],"wp:attachment":[{"href":"https:\/\/forumquebecjapon.org\/fr\/wp-json\/wp\/v2\/media?parent=1948"}],"curies":[{"name":"wp","href":"https:\/\/api.w.org\/{rel}","templated":true}]}}